{"id":5471,"date":"2018-04-19T17:23:30","date_gmt":"2018-04-19T17:23:30","guid":{"rendered":"https:\/\/entrepueblos.org\/quen-somos\/o-noso-enfoque\/"},"modified":"2023-04-26T14:33:49","modified_gmt":"2023-04-26T14:33:49","slug":"o-noso-enfoque","status":"publish","type":"page","link":"https:\/\/www.entrepobos.org\/repositoriweb\/quen-somos\/o-noso-enfoque\/","title":{"rendered":"O NOSO ENFOQUE"},"content":{"rendered":"<div id='av_section_1'  class='avia-section main_color avia-section-default avia-no-border-styling  avia-full-stretch av-parallax-section av-section-color-overlay-active avia-bg-style-parallax  avia-builder-el-0  el_before_av_section  avia-builder-el-first  header-section  av-small-hide av-mini-hide av-minimum-height av-minimum-height-custom  container_wrap sidebar_right' style=' '  data-section-bg-repeat='stretch'><div class='av-parallax' data-avia-parallax-ratio='0.3' ><div class='av-parallax-inner main_color  avia-full-stretch' style = 'background-repeat: no-repeat; background-image: url(https:\/\/www.entrepobos.org\/repositoriweb\/wp-content\/uploads\/2018\/05\/ropalimpia4.jpg);background-attachment: scroll; background-position: bottom center; ' ><\/div><\/div><div class='av-section-color-overlay-wrap'><div class='av-section-color-overlay' style='opacity: 0.7; background-color: #3f3f3f; '><\/div><div class='container' style='height:400px'><main  role=\"main\" itemprop=\"mainContentOfPage\"  class='template-page content  av-content-small alpha units'><div class='post-entry post-entry-type-page post-entry-5471'><div class='entry-content-wrapper clearfix'>\n<div class=\"flex_column av_one_full  flex_column_div av-zero-column-padding first  avia-builder-el-1  avia-builder-el-no-sibling  title-ot \" style='border-radius:0px; '><section class=\"av_textblock_section \"  itemscope=\"itemscope\" itemtype=\"https:\/\/schema.org\/CreativeWork\" ><div class='avia_textblock ot-title av_inherit_color '  style='color:#ffffff; '  itemprop=\"text\" ><h2 style=\"text-align: center;\">NUESTRO ENFOQUE<\/h2>\n<\/div><\/section><\/div>\n\n<\/div><\/div><\/main><!-- close content main element --><\/div><\/div><\/div><div id='av_section_2'  class='avia-section main_color avia-section-default avia-no-border-styling  avia-full-stretch av-parallax-section av-section-color-overlay-active avia-bg-style-parallax  avia-builder-el-3  el_after_av_section  el_before_av_submenu  header-section-mobile  av-desktop-hide av-medium-hide av-minimum-height av-minimum-height-custom  container_wrap sidebar_right' style=' '  data-section-bg-repeat='stretch'><div class='av-parallax' data-avia-parallax-ratio='0.3' ><div class='av-parallax-inner main_color  avia-full-stretch' style = 'background-repeat: no-repeat; background-image: url(https:\/\/www.entrepobos.org\/repositoriweb\/wp-content\/uploads\/2018\/05\/ropalimpia4.jpg);background-attachment: scroll; background-position: bottom center; ' ><\/div><\/div><div class='av-section-color-overlay-wrap'><div class='av-section-color-overlay' style='opacity: 0.7; background-color: #3f3f3f; '><\/div><div class='container' style='height:350px'><div class='template-page content  av-content-small alpha units'><div class='post-entry post-entry-type-page post-entry-5471'><div class='entry-content-wrapper clearfix'>\n<div class=\"flex_column av_one_full  flex_column_div av-zero-column-padding first  avia-builder-el-4  avia-builder-el-no-sibling  title-ot-mobile \" style='border-radius:0px; '><section class=\"av_textblock_section \"  itemscope=\"itemscope\" itemtype=\"https:\/\/schema.org\/CreativeWork\" ><div class='avia_textblock text-title-mobile av_inherit_color '  style='color:#ffffff; '  itemprop=\"text\" ><h2 style=\"text-align: center;\">NUESTRO ENFOQUE<\/h2>\n<\/div><\/section><\/div>\n\n<\/div><\/div><\/div><!-- close content main div --><\/div><\/div><\/div><div id='sub_menu1'  class='av-submenu-container main_color  avia-builder-el-6  el_after_av_section  el_before_av_one_full  menu-who  submenu-not-first container_wrap sidebar_right' style='  z-index:301' ><div class='container av-menu-mobile-disabled '><ul id='av-custom-submenu-1' class='av-subnav-menu av-submenu-pos-center'>\n<li class='menu-item menu-item-top-level  menu-item-top-level-1'><a href='https:\/\/www.entrepobos.org\/quen-somos\/' ><span class='avia-bullet'><\/span><span class='avia-menu-text'>QUI\u00c9NES SOMOS<\/span><\/a><\/li>\n<li class='menu-item menu-item-top-level  menu-item-top-level-2'><a href='https:\/\/www.entrepobos.org\/quen-somos\/o-noso-enfoque\/' ><span class='avia-bullet'><\/span><span class='avia-menu-text'>NUESTRO ENFOQUE<\/span><\/a><\/li>\n<li class='menu-item menu-item-top-level  menu-item-top-level-3'><a href='https:\/\/www.entrepobos.org\/quen-somos\/mision-vision-y-valores\/' ><span class='avia-bullet'><\/span><span class='avia-menu-text'>VISI\u00d3N, MISI\u00d3N, VALORES<\/span><\/a><\/li>\n<li class='menu-item menu-item-top-level  menu-item-top-level-4'><a href='https:\/\/www.entrepobos.org\/quen-somos\/como-nos-organizamos\/' ><span class='avia-bullet'><\/span><span class='avia-menu-text'>C\u00d3MO NOS ORGANIZAMOS<\/span><\/a><\/li>\n<li class='menu-item menu-item-top-level  menu-item-top-level-5'><a href='https:\/\/www.entrepobos.org\/quen-somos\/portal-de-transparencia\/' ><span class='avia-bullet'><\/span><span class='avia-menu-text'>PORTAL DE TRANSPARENCIA<\/span><\/a><\/li>\n<\/ul><\/div><\/div><div id='after_submenu'  class='main_color av_default_container_wrap container_wrap sidebar_right' style=' '  ><div class='container' ><div class='template-page content  av-content-small alpha units'><div class='post-entry post-entry-type-page post-entry-5471'><div class='entry-content-wrapper clearfix'>\n<div class=\"flex_column av_one_full  flex_column_div av-zero-column-padding first  avia-builder-el-7  el_after_av_submenu  el_before_av_one_full  avia-builder-el-first  \" style='border-radius:0px; '><section class=\"av_textblock_section \"  itemscope=\"itemscope\" itemtype=\"https:\/\/schema.org\/CreativeWork\" ><div class='avia_textblock nuestro-enfoque-intro '   itemprop=\"text\" ><p><span style=\"font-weight: 400;\">Promovemos alternativas para la sostenibilidad de la vida. Incidimos en la cr\u00edtica al modelo de sociedad capitalista, denunciando las causas que generan el empobrecimiento, las inequidades y la degradaci\u00f3n ambiental.<\/span><\/p>\n<p><span style=\"font-weight: 400;\">Fomentamos el internacionalismo promoviendo redes y alianzas para el empoderamiento social y la incidencia desde los movimientos sociales, la reflexi\u00f3n-acci\u00f3n emancipadora, en los \u00e1mbitos de <strong>feminismos, soberan\u00edas y justicias<\/strong>, con un enfoque local-global.<\/span><\/p>\n<\/div><\/section><\/div>\n<div class=\"flex_column av_one_full  flex_column_div av-zero-column-padding first  avia-builder-el-9  el_after_av_one_full  avia-builder-el-last  column-top-margin\" style='border-radius:0px; '><div  class=\"tabcontainer   top_tab   avia-builder-el-10  avia-builder-el-no-sibling  tab-who\" role=\"tablist\">\n\n<section class=\"av_tab_section\"  itemscope=\"itemscope\" itemtype=\"https:\/\/schema.org\/CreativeWork\" ><div aria-controls=\"tab-id-1-content\" role=\"tab\" tabindex=\"0\" data-fake-id=\"#tab-id-1\" class=\"tab active_tab\"  itemprop=\"headline\" >\u00bfC\u00f3mo entendemos la cooperaci\u00f3n solidaria?<\/div>\n<div id=\"tab-id-1-content\" class=\"tab_content active_tab_content\" aria-hidden=\"false\">\n<div class=\"tab_inner_content invers-color\"  itemprop=\"text\" >\n<blockquote>\n<p><strong><em>El primer requisito de la Solidaridad,es la implicaci\u00f3n en conseguir transformaciones en nuestro propio entorno.<\/em><\/strong><\/p>\n<\/blockquote>\n<table id=\"table-desktop\" style=\"width: 100%;\">\n<tbody>\n<tr>\n<th>\n<h4 style=\"font-weight: 400; letter-spacing: 0.15em; font-size: 1.15em; text-align: center;\">FEMINISMOS<\/h4>\n<\/th>\n<th>\n<h4 style=\"font-weight: 400; font-size: 1.15em; letter-spacing: 0.15em; text-align: center;\">SOBERAN\u00cdAS<\/h4>\n<\/th>\n<th>\n<h4 style=\"font-weight: 400; font-size: 1.15em; letter-spacing: 0.15em; text-align: center;\">DERECHOS Y JUSTICIAS<\/h4>\n<\/th>\n<\/tr>\n<tr>\n<td style=\"width: 33%;\">\n<p style=\"text-align: left;\">Por una vida libre de violencias.<\/p>\n<p style=\"text-align: left;\">Nuestros cuerpos, nuestras identidades.<\/p>\n<p style=\"text-align: left;\">Por la sostenibilidad de la vida.<\/p>\n<\/td>\n<td style=\"width: 33%;\">\n<p style=\"text-align: left;\">Ecologismo social.<\/p>\n<p style=\"text-align: left;\">Econom\u00eda social y solidaria.<\/p>\n<p style=\"text-align: left;\">Soberan\u00eda alimentaria y Defensa del territorio.<\/p>\n<p style=\"text-align: left;\">Frente a la impunidad de empresas transnacionales y los Tratados comerciales.<\/p>\n<\/td>\n<td style=\"width: 33%;\">\n<p style=\"text-align: left;\">Protecci\u00f3n a defensoras-es de DD.HH.<\/p>\n<p style=\"text-align: left;\">Migraciones, refugio y derechos sociales.<\/p>\n<p style=\"text-align: left;\">Pueblos ind\u00edgenas.<\/p>\n<p style=\"text-align: left;\">Memoria hist\u00f3rica.<\/p>\n<\/td>\n<\/tr>\n<\/tbody>\n<\/table>\n<table id=\"table-mobile\" style=\"width: 100%;\">\n<tbody>\n<tr>\n<th>\n<h4 style=\"font-weight: 400; letter-spacing: 0.15em; font-size: 1.15em; text-align: center;\">FEMINISMOS<\/h4>\n<\/th>\n<td>\n<p style=\"text-align: left;\">Por una vida libre de violencias.<\/p>\n<p style=\"text-align: left;\">Nuestros cuerpos, nuestras identidades.<\/p>\n<p style=\"text-align: left;\">Por la sostenibilidad de la vida.<\/p>\n<\/td>\n<\/tr>\n<tr>\n<th>\n<h4 style=\"font-weight: 400; font-size: 1.15em; letter-spacing: 0.15em; text-align: center;\">SOBERAN\u00cdAS<\/h4>\n<\/th>\n<td>\n<p style=\"text-align: left;\">Ecologismo social<\/p>\n<p style=\"text-align: left;\">Econom\u00eda social y solidaria.<\/p>\n<p style=\"text-align: left;\">Soberan\u00eda alimentaria y Defensa del territorio.<\/p>\n<p style=\"text-align: left;\">Frente a la impunidad de empresas transnacionales y los Tratados comerciales.<\/p>\n<\/td>\n<\/tr>\n<tr>\n<th>\n<h4 style=\"font-weight: 400; font-size: 1.15em; letter-spacing: 0.15em; text-align: center;\">DERECHOS Y JUST\u00cdCIAS<\/h4>\n<\/th>\n<td>\n<p style=\"text-align: left;\">Protecci\u00f3n a defensoras-es de DD.HH.<\/p>\n<p style=\"text-align: left;\">Migraciones, refugio y derechos sociales.<\/p>\n<p style=\"text-align: left;\">Pueblos ind\u00edgenas.<\/p>\n<p style=\"text-align: left;\">Memoria hist\u00f3rica.<\/p>\n<\/td>\n<\/tr>\n<\/tbody>\n<\/table>\n\n<\/div>\n<\/div>\n<\/section>\n\n<section class=\"av_tab_section\"  itemscope=\"itemscope\" itemtype=\"https:\/\/schema.org\/CreativeWork\" ><div aria-controls=\"tab-id-2-content\" role=\"tab\" tabindex=\"0\" data-fake-id=\"#tab-id-2\" class=\"tab \"  itemprop=\"headline\" >Nuestras redes y alianzas<\/div>\n<div id=\"tab-id-2-content\" class=\"tab_content \" aria-hidden=\"true\">\n<div class=\"tab_inner_content invers-color\"  itemprop=\"text\" >\n<p>Apostamos por la <strong>\u201ccooperaci\u00f3n en la cooperaci\u00f3n\u201d,<\/strong> con unos objetivos comunes de equidad, justicia y sostenibilidad.<\/p>\n<p>Formamos <strong>alianzas y redes<\/strong> de apoyo mutuo con organizaciones afines, feministas, ecologistas, populares, campesinas, ind\u00edgenas en todo el mundo, principalmente, en territorios de Am\u00e9rica Latina y en nuestro territorio, en la b\u00fasqueda de <strong>alternativas<\/strong> al modelo de desarrollo hegem\u00f3nico.<\/p>\n<h4 class=\"valores-text\">COOPERACI\u00d3N INTERNACIONAL<\/h4>\n<p><strong>En los pa\u00edses donde cooperamos<\/strong>, trabajamos con entidades comprometidas socialmente, transformadoras y activamente cr\u00edticas con su propia sociedad, generadoras de espacios sociales participativos, con campos y l\u00edneas de actuaci\u00f3n coincidentes con nuestras propias l\u00edneas de trabajo, con las que queremos construir relaciones igualitarias, bidireccionales y de apoyo mutuo.<\/p>\n<p>A trav\u00e9s de este trabajo de Cooperaci\u00f3n Solidaria, hemos acompa\u00f1ado muchos y variados procesos de transformaci\u00f3n social, primero en Centroam\u00e9rica, luego en Cuba, en la zona andina, en Brasil (en apoyo al MST), as\u00ed como en solidaridad con nuestra frontera Sur y Marruecos.<\/p>\n<p>Tambi\u00e9n nos hemos incorporado a <strong>redes internacionales de incidencia social y pol\u00edtica<\/strong>, contra el poder de las transnacionales, los tratados de comercio e inversi\u00f3n, las pol\u00edticas migratorias de la UE y sus estados miembros, por la soberan\u00eda alimentaria o el internacionalismo feminista.<\/p>\n<h4 class=\"valores-text\">COOPERACI\u00d3N ESTATAL<\/h4>\n<p>Entrepueblos tambi\u00e9n forma parte de plataformas de \u00e1mbito estatal en los \u00e1mbitos de los movimientos feministas, por la soberan\u00eda alimentaria, contra los tratados de comercio e inversi\u00f3n, por la banca y las finanzas \u00e9ticas y de incidencia en las pol\u00edticas de cooperaci\u00f3n.<\/p>\n<p>En nuestros territorios colaboramos con otras entidades, colectivos y movimientos sociales con las que tenemos puntos de vista y acci\u00f3n comunes.\u00a0 En algunas ocasiones mediante alianzas estables y generales, mientras que en otros casos consisten en acuerdos espec\u00edficos de colaboraci\u00f3n por tem\u00e1tica o por pa\u00eds. Apostamos por la \u201ccooperaci\u00f3n en la cooperaci\u00f3n&#8221; y nos resistimos a entrar en las din\u00e1micas competitivas.<\/p>\n<blockquote>\n<p><strong><em>Sabemos que las <a href=\"https:\/\/entrepueblos.org\/organizaciones-territoriales\/\">organizaciones locales<\/a> son las que mejor conocen las respuestas y los caminos de la emancipaci\u00f3n de sus pueblos.<\/em><\/strong><\/p>\n<\/blockquote>\n\n<\/div>\n<\/div>\n<\/section>\n\n<\/div><\/div>\n","protected":false},"excerpt":{"rendered":"","protected":false},"author":9,"featured_media":0,"parent":5462,"menu_order":0,"comment_status":"closed","ping_status":"closed","template":"","meta":{"_acf_changed":false,"_price":"","_stock":"","_tribe_ticket_header":"","_tribe_default_ticket_provider":"","_tribe_ticket_capacity":"0","_ticket_start_date":"","_ticket_end_date":"","_tribe_ticket_show_description":"","_tribe_ticket_show_not_going":false,"_tribe_ticket_use_global_stock":"","_tribe_ticket_global_stock_level":"","_global_stock_mode":"","_global_stock_cap":"","_tribe_rsvp_for_event":"","_tribe_ticket_going_count":"","_tribe_ticket_not_going_count":"","_tribe_tickets_list":"[]","_tribe_ticket_has_attendee_info_fields":false,"footnotes":"","_tec_slr_enabled":"","_tec_slr_layout":""},"class_list":["post-5471","page","type-page","status-publish","hentry"],"acf":[],"yoast_head":"<!-- This site is optimized with the Yoast SEO plugin v25.0 - https:\/\/yoast.com\/wordpress\/plugins\/seo\/ -->\n<title>O NOSO ENFOQUE - Entrepueblos<\/title>\n<meta name=\"robots\" content=\"index, follow, max-snippet:-1, max-image-preview:large, max-video-preview:-1\" \/>\n<link rel=\"canonical\" href=\"https:\/\/www.entrepobos.org\/repositoriweb\/quen-somos\/o-noso-enfoque\/\" \/>\n<meta property=\"og:locale\" content=\"en_US\" \/>\n<meta property=\"og:type\" content=\"article\" \/>\n<meta property=\"og:title\" content=\"O NOSO ENFOQUE - Entrepueblos\" \/>\n<meta property=\"og:url\" content=\"https:\/\/www.entrepobos.org\/repositoriweb\/quen-somos\/o-noso-enfoque\/\" \/>\n<meta property=\"og:site_name\" content=\"Entrepueblos\" \/>\n<meta property=\"article:modified_time\" content=\"2023-04-26T14:33:49+00:00\" \/>\n<meta name=\"twitter:card\" content=\"summary_large_image\" \/>\n<meta name=\"twitter:label1\" content=\"Est. reading time\" \/>\n\t<meta name=\"twitter:data1\" content=\"7 minutes\" \/>\n<script type=\"application\/ld+json\" class=\"yoast-schema-graph\">{\"@context\":\"https:\/\/schema.org\",\"@graph\":[{\"@type\":\"WebPage\",\"@id\":\"https:\/\/www.entrepobos.org\/repositoriweb\/quen-somos\/o-noso-enfoque\/\",\"url\":\"https:\/\/www.entrepobos.org\/repositoriweb\/quen-somos\/o-noso-enfoque\/\",\"name\":\"O NOSO ENFOQUE - Entrepueblos\",\"isPartOf\":{\"@id\":\"https:\/\/www.entrepueblos.org\/repositoriweb\/#website\"},\"datePublished\":\"2018-04-19T17:23:30+00:00\",\"dateModified\":\"2023-04-26T14:33:49+00:00\",\"breadcrumb\":{\"@id\":\"https:\/\/www.entrepobos.org\/repositoriweb\/quen-somos\/o-noso-enfoque\/#breadcrumb\"},\"inLanguage\":\"ga-ES\",\"potentialAction\":[{\"@type\":\"ReadAction\",\"target\":[\"https:\/\/www.entrepobos.org\/repositoriweb\/quen-somos\/o-noso-enfoque\/\"]}]},{\"@type\":\"BreadcrumbList\",\"@id\":\"https:\/\/www.entrepobos.org\/repositoriweb\/quen-somos\/o-noso-enfoque\/#breadcrumb\",\"itemListElement\":[{\"@type\":\"ListItem\",\"position\":1,\"name\":\"Portada\",\"item\":\"https:\/\/www.entrepobos.org\/repositoriweb\/\"},{\"@type\":\"ListItem\",\"position\":2,\"name\":\"QUEN SOMOS\",\"item\":\"https:\/\/www.entrepobos.org\/repositoriweb\/quen-somos\/\"},{\"@type\":\"ListItem\",\"position\":3,\"name\":\"O NOSO ENFOQUE\"}]},{\"@type\":\"WebSite\",\"@id\":\"https:\/\/www.entrepueblos.org\/repositoriweb\/#website\",\"url\":\"https:\/\/www.entrepueblos.org\/repositoriweb\/\",\"name\":\"Entrepueblos\",\"description\":\"Cooperaci\u00f3n pueblo a pueblo\",\"potentialAction\":[{\"@type\":\"SearchAction\",\"target\":{\"@type\":\"EntryPoint\",\"urlTemplate\":\"https:\/\/www.entrepueblos.org\/repositoriweb\/?s={search_term_string}\"},\"query-input\":{\"@type\":\"PropertyValueSpecification\",\"valueRequired\":true,\"valueName\":\"search_term_string\"}}],\"inLanguage\":\"ga-ES\"}]}<\/script>\n<!-- \/ Yoast SEO plugin. -->","yoast_head_json":{"title":"O NOSO ENFOQUE - Entrepueblos","robots":{"index":"index","follow":"follow","max-snippet":"max-snippet:-1","max-image-preview":"max-image-preview:large","max-video-preview":"max-video-preview:-1"},"canonical":"https:\/\/www.entrepobos.org\/repositoriweb\/quen-somos\/o-noso-enfoque\/","og_locale":"en_US","og_type":"article","og_title":"O NOSO ENFOQUE - Entrepueblos","og_url":"https:\/\/www.entrepobos.org\/repositoriweb\/quen-somos\/o-noso-enfoque\/","og_site_name":"Entrepueblos","article_modified_time":"2023-04-26T14:33:49+00:00","twitter_card":"summary_large_image","twitter_misc":{"Est. reading time":"7 minutes"},"schema":{"@context":"https:\/\/schema.org","@graph":[{"@type":"WebPage","@id":"https:\/\/www.entrepobos.org\/repositoriweb\/quen-somos\/o-noso-enfoque\/","url":"https:\/\/www.entrepobos.org\/repositoriweb\/quen-somos\/o-noso-enfoque\/","name":"O NOSO ENFOQUE - Entrepueblos","isPartOf":{"@id":"https:\/\/www.entrepueblos.org\/repositoriweb\/#website"},"datePublished":"2018-04-19T17:23:30+00:00","dateModified":"2023-04-26T14:33:49+00:00","breadcrumb":{"@id":"https:\/\/www.entrepobos.org\/repositoriweb\/quen-somos\/o-noso-enfoque\/#breadcrumb"},"inLanguage":"ga-ES","potentialAction":[{"@type":"ReadAction","target":["https:\/\/www.entrepobos.org\/repositoriweb\/quen-somos\/o-noso-enfoque\/"]}]},{"@type":"BreadcrumbList","@id":"https:\/\/www.entrepobos.org\/repositoriweb\/quen-somos\/o-noso-enfoque\/#breadcrumb","itemListElement":[{"@type":"ListItem","position":1,"name":"Portada","item":"https:\/\/www.entrepobos.org\/repositoriweb\/"},{"@type":"ListItem","position":2,"name":"QUEN SOMOS","item":"https:\/\/www.entrepobos.org\/repositoriweb\/quen-somos\/"},{"@type":"ListItem","position":3,"name":"O NOSO ENFOQUE"}]},{"@type":"WebSite","@id":"https:\/\/www.entrepueblos.org\/repositoriweb\/#website","url":"https:\/\/www.entrepueblos.org\/repositoriweb\/","name":"Entrepueblos","description":"Cooperaci\u00f3n pueblo a pueblo","potentialAction":[{"@type":"SearchAction","target":{"@type":"EntryPoint","urlTemplate":"https:\/\/www.entrepueblos.org\/repositoriweb\/?s={search_term_string}"},"query-input":{"@type":"PropertyValueSpecification","valueRequired":true,"valueName":"search_term_string"}}],"inLanguage":"ga-ES"}]}},"ticketed":false,"_links":{"self":[{"href":"https:\/\/www.entrepobos.org\/repositoriweb\/wp-json\/wp\/v2\/pages\/5471","targetHints":{"allow":["GET"]}}],"collection":[{"href":"https:\/\/www.entrepobos.org\/repositoriweb\/wp-json\/wp\/v2\/pages"}],"about":[{"href":"https:\/\/www.entrepobos.org\/repositoriweb\/wp-json\/wp\/v2\/types\/page"}],"author":[{"embeddable":true,"href":"https:\/\/www.entrepobos.org\/repositoriweb\/wp-json\/wp\/v2\/users\/9"}],"replies":[{"embeddable":true,"href":"https:\/\/www.entrepobos.org\/repositoriweb\/wp-json\/wp\/v2\/comments?post=5471"}],"version-history":[{"count":8,"href":"https:\/\/www.entrepobos.org\/repositoriweb\/wp-json\/wp\/v2\/pages\/5471\/revisions"}],"predecessor-version":[{"id":34562,"href":"https:\/\/www.entrepobos.org\/repositoriweb\/wp-json\/wp\/v2\/pages\/5471\/revisions\/34562"}],"up":[{"embeddable":true,"href":"https:\/\/www.entrepobos.org\/repositoriweb\/wp-json\/wp\/v2\/pages\/5462"}],"wp:attachment":[{"href":"https:\/\/www.entrepobos.org\/repositoriweb\/wp-json\/wp\/v2\/media?parent=5471"}],"curies":[{"name":"wp","href":"https:\/\/api.w.org\/{rel}","templated":true}]}}